{"id":195,"date":"2024-04-03T13:14:56","date_gmt":"2024-04-03T11:14:56","guid":{"rendered":"https:\/\/westfalenparklauf.de\/wp\/?page_id=195"},"modified":"2026-04-05T17:20:42","modified_gmt":"2026-04-05T15:20:42","slug":"ausschreibung","status":"publish","type":"page","link":"https:\/\/westfalenparklauf.de\/wp\/ausschreibung\/","title":{"rendered":"Ausschreibung"},"content":{"rendered":"\n<p class=\"has-medium-font-size\">Der Dortmunder Volksbank Westfalenparklauf ist eine Veranstaltung der AG Stra\u00dfenlauf. Wir freuen uns auf einen sportlichen Wettkampf f\u00fcr alle.<\/p>\n\n\n\n<h4 class=\"wp-block-heading\">Wettkampfort<\/h4>\n\n\n\n<p class=\"has-medium-font-size\"><strong>Start\/Ziel:<\/strong> Westfalenpark Dortmund, Eingang Ruhrallee (Am Flamingoteich), 44139 Dortmund<\/p>\n\n\n\n<h4 class=\"wp-block-heading\">Wettbewerbe<\/h4>\n\n\n\n<figure class=\"wp-block-table has-medium-font-size\"><table><tbody><tr><td>&nbsp;<\/td><td><strong>Folgende Wettbewerbe werden angeboten:<\/strong><\/td><td><strong>L\u00e4nge:<\/strong><\/td><td><strong>Startzeit:<\/strong><\/td><td><strong>Altersklassen nach DLV:<\/strong><\/td><\/tr><tr><td>1.<\/td><td>Sch\u00fclerlauf Stadtmeisterschaften nur Schulen* Jg. 2017 &#8211; 2020<\/td><td>1,0 km<\/td><td>10.00 Uhr<\/td><td>M\/W U8 \u2013 M\/W U10<\/td><\/tr><tr><td>2.<\/td><td>Sch\u00fclerlauf Stadtmeisterschaften nur Schulen* Jg. 2013 &#8211; 2016<\/td><td>1,5 km<\/td><td>10.40 Uhr<\/td><td>M\/W U12 \u2013 M\/W U14<\/td><\/tr><tr><td>3.<\/td><td>Sch\u00fclerlauf Stadtmeisterschaften nur Schulen* Jg. 2007 &#8211; 2012<\/td><td>2,5 km<\/td><td>11.30 Uhr<\/td><td>M\/W U16 \u2013 M\/W U20<\/td><\/tr><tr><td>4.<\/td><td>1 Runde Schnupperlauf<\/td><td>2,5 km<\/td><td>11.30 Uhr<\/td><td>ab  M\/W U10<\/td><\/tr><tr><td>5.<\/td><td>Bambinilauf<\/td><td>0,25 km<\/td><td>12.15 Uhr<\/td><td>M\/W U6<\/td><\/tr><tr><td>6.<\/td><td>2 Runden<\/td><td>5,0 km<\/td><td>12.45 Uhr<\/td><td>ab M\/W U14<\/td><\/tr><tr><td>7.<\/td><td>4 Runden<\/td><td>10,0 km<\/td><td>14.00 Uhr<\/td><td>ab M\/W U16<\/td><\/tr><\/tbody><\/table><figcaption class=\"wp-element-caption\">*F\u00fcr die Stadtmeisterschaften der Schulen gibt es eine gesonderte Ausschreibung durch den Ausschuss f\u00fcr Schulsport.<\/figcaption><\/figure>\n\n\n\n<h4 class=\"wp-block-heading\">Startnummern<\/h4>\n\n\n\n<p class=\"has-medium-font-size\">Die Startnummern sind auf der Vorderseite in Brusth\u00f6he zu befestigen. <br>Nicht knicken oder verdecken, auch nicht teilweise! Nur so ist eine sichere Zeitmessung zu gew\u00e4hrleisten! <strong>Ein Start ohne Startnummer ist nicht gestattet!<\/strong><\/p>\n\n\n\n<h4 class=\"wp-block-heading\">Wertungen<\/h4>\n\n\n\n<p class=\"has-medium-font-size\">Die Strecke ist DLV vermessen.<br>Einzell\u00e4ufe mit elektronischer Zeitnahme \u00fcber 2,5 km (1 Runde), 5,0 km (2 Runden) und 10,0 km (4 Runden).<br>Bambinil\u00e4ufe ohne Zeitnahme, nur Urkunde \u00fcber die Teilnahme.<br>Sch\u00fclerl\u00e4ufe nur im Rahmen der Stadtmeisterschaften der Schulen.<\/p>\n\n\n\n<p class=\"has-medium-font-size\"><strong>Regelungen nach DLO:<br>Das Benutzen von Kopfh\u00f6rern jeglicher Art ist nicht gestattet, ferner ist das Mitf\u00fchren von<br>Hunden und Babyjoggern\/Kinderwagen verboten! Die Benutzung von St\u00f6cken ist dem<br>Veranstalter vorher anzuzeigen und wird nur bei Vorliegen einer medizinischen Notwendigkeit<br>gestattet.<\/strong><\/p>\n\n\n\n<h4 class=\"wp-block-heading\">F\u00fchrungsfahrrad<\/h4>\n\n\n\n<p class=\"has-medium-font-size\">Beim 2,5 km, 5 km und 10 km Lauf wird es ein F\u00fchrungsfahrrad geben.<\/p>\n\n\n\n<h4 class=\"wp-block-heading\">Zielschluss<\/h4>\n\n\n\n<p class=\"has-medium-font-size\">2,5 km: 30 min, 5 km: 45 min, 10 km: 90 min.<\/p>\n\n\n\n<h4 class=\"wp-block-heading\">Anmeldung<\/h4>\n\n\n\n<p class=\"has-medium-font-size\">Die Anmeldung kann nur online \u00fcber <a href=\"https:\/\/www.westfalenparklauf.de\">www.westfalenparklauf.de<\/a> erfolgen.<\/p>\n\n\n\n<h4 class=\"wp-block-heading\">Auszeichnungen<\/h4>\n\n\n\n<p class=\"has-medium-font-size\">Bambinilauf Direkturkunde.<br>Alle L\u00e4ufe: Medaillen f\u00fcr die Finisher, Urkunden zum Ausdrucken aus dem Internet.<br>Ehrung Platz 1-3 M\/W beim 5 km-Lauf und 10 km-Lauf sowie die jeweils 1. der AK M\/W beim 5 km und 10 km-Lauf.<\/p>\n\n\n\n<h4 class=\"wp-block-heading\">Organisationsbeitrag<\/h4>\n\n\n\n<p class=\"has-medium-font-size\">Der Organisationsbeitrag <em>(siehe Tabelle im Anschluss)<\/em> wird per Lastschriftverfahren erhoben. <br>Anmeldungen ohne gleichzeitige Gutschrift des Organisationsbeitrages werden nicht bearbeitet. Die<br>Onlineanmeldung schlie\u00dft am 27.10.2026, 23:59 Uhr zum regul\u00e4ren Beitrag. Ab dem 28.10.2026 sind<br>Meldungen weiterhin bis jeweils 45 Minuten vor dem Start des jeweiligen Laufes m\u00f6glich jedoch inkl.<br>Nachmeldegeb\u00fchr, sofern die Startpl\u00e4tze nicht vergriffen sind.*(nicht f\u00fcr Schulen)<\/p>\n\n\n\n\n\n<h4 class=\"wp-block-heading\">Zielverpflegung<\/h4>\n\n\n\n<p class=\"has-medium-font-size\">Nach dem Zieleinlauf gibt es eine Erst-Verpflegung mit Getr\u00e4nken.<\/p>\n\n\n\n<h4 class=\"wp-block-heading\"><strong>Organisationsbeitrag <\/strong>f\u00fcr alle Teilnehmer\/-innen:<\/h4>\n\n\n\n<figure class=\"wp-block-table has-medium-font-size\"><table><tbody><tr><td><strong>Meldedatum<\/strong><\/td><td><strong>2,5 km<\/strong><\/td><td><strong>5 km<\/strong><\/td><td><strong>10 km<\/strong><\/td><\/tr><tr><td>Bis zum 27.10.2026<\/td><td>8,00 \u20ac<\/td><td>12,00 \u20ac<\/td><td>16,00 \u20ac<\/td><\/tr><tr><td>Nachmeldungen<\/td><td>12,00 \u20ac<\/td><td>16,00 \u20ac<\/td><td>20,00 \u20ac<\/td><\/tr><\/tbody><\/table><figcaption class=\"wp-element-caption\">Bambinis zahlen keinen Organisationsbeitrag<\/figcaption><\/figure>\n\n\n\n<h4 class=\"wp-block-heading\">Startunterlagen<\/h4>\n\n\n\n<p class=\"has-medium-font-size\">Bitte holen Sie Ihre Startnummer am Wettkampftag bis 45 Minuten vor dem Start an der Startnummernausgabe ab.\u00a0Diesen finden Sie gem\u00e4\u00df der Ausschilderung am Eingang zum Westfalenpark. Je eher Sie vor den Wettk\u00e4mpfen Ihre Startnummer in Empfang nehmen, desto entspannter k\u00f6nnen Sie sich auf den Start vorbereiten.<\/p>\n\n\n\n<h4 class=\"wp-block-heading\">Medizinische Versorgung<\/h4>\n\n\n\n<p class=\"has-medium-font-size\">Auf der Lauftrecke, im Start- und im Zielbereich ist die sanit\u00e4tsdienstliche Versorgung sichergestellt. <strong><\/strong><\/p>\n\n\n\n<h4 class=\"wp-block-heading\">Stornogeb\u00fchren<\/h4>\n\n\n\n<p class=\"has-medium-font-size\">Bei Nichtantreten oder Absage wegen h\u00f6herer Gewalt besteht kein Anspruch auf R\u00fcckzahlung des Organisationsbeitrages.<\/p>\n\n\n\n<h4 class=\"wp-block-heading\"><strong>Umkleiden\/Duschen\/Taschenaufbewahrung<\/strong><\/h4>\n\n\n\n<p class=\"has-medium-font-size\">Umkleiden sind nicht vorhanden. Eine Taschenaufbewahrung ohne Haftung f\u00fcr Wertsachen werden wir einrichten.<\/p>\n\n\n\n<h4 class=\"wp-block-heading\">Einverst\u00e4ndniserkl\u00e4rung<\/h4>\n\n\n\n<p class=\"has-medium-font-size\">Mit meiner Meldung und Teilnahme am Parklauf, der Parklauf-Staffel bzw. des Bambini- und Sch\u00fclerlaufes erkenne ich den Haftungsausschluss des Veranstalters f\u00fcr Sch\u00e4den jeder Art an. Ich erkl\u00e4re, dass ich gesund bin und einen ausreichenden Trainingszustand habe. Ich bin damit einverstanden, dass ich aus dem Rennen genommen werde, wenn ich Gefahr laufe, mich gesundheitlich zu sch\u00e4digen. Ich erkl\u00e4re mich au\u00dferdem damit einverstanden, dass in der Meldung angegebene personenbezogene Daten weitergegeben und die im Zusammenhang mit dem Parklauf gemachten Fotos, Filmaufnahmen und Interviews in Rundfunk, Fernsehen, Videos, Internet, Werbung, B\u00fcchern, fotomechanischen Vervielf\u00e4ltigungen ohne Verg\u00fctungsanspruch ver\u00f6ffentlicht werden k\u00f6nnen. Ich best\u00e4tige ausdr\u00fccklich die Richtigkeit aller von mir angegebenen Daten und versichere, meine Startnummer nicht ohne Ummeldung an eine andere Person weiterzugeben. Ich versichere, dass mein angegebenes Geburtsjahr richtig ist. Bei Nichtantreten oder Ausfall der Veranstaltung durch h\u00f6here Gewalt habe ich kein Anrecht auf R\u00fcckerstattung des Organisationsbeitrags. Ich verzichte w\u00e4hrend des Laufes auf die Nutzung von Kopfh\u00f6rern! Das Mitf\u00fchren von Hunden und Babyjoggern ist untersagt! Die Benutzung von St\u00f6cken ist dem Veranstalter vorher anzuzeigen und wird nur bei Vorliegen einer medizinischen Notwendigkeit gestattet. (Hinweis lt. Datenschutzgesetz: Ihre Daten werden maschinell gespeichert und in Teilnehmer-\/ Ergebnislisten ver\u00f6ffentlicht. Mit der Anmeldung erkl\u00e4ren Sie sich damit einverstanden!)<\/p>\n\n\n\n<h4 class=\"wp-block-heading\">Haftung<\/h4>\n\n\n\n<p class=\"has-medium-font-size\">F\u00fcr die Beschaffenheit derStrecke und die sich daraus f\u00fcr die Teilnehmer\/-innen und Offiziellen ergebenden Gefahren, \u00fcbernimmt weder der Veranstalter noch die Wettkampfleitung noch der Eigent\u00fcmer der Wege eine Haftung jeglicher Art. Der Ausrichter haftet dar\u00fcber hinaus nicht f\u00fcr k\u00f6rperliche und materielle Sch\u00e4den. Der Lauf findet auch bei Regen oder ung\u00fcnstiger Witterung statt. Eine&nbsp;Haftung&nbsp;des&nbsp;Veranstalters&nbsp;und\/oder&nbsp;des&nbsp;Ausrichters&nbsp;f\u00fcr&nbsp;Sch\u00e4den&nbsp;aufgrund&nbsp;von&nbsp;Unf\u00e4llen,&nbsp;Diebst\u00e4hlen&nbsp;und sonstigen&nbsp;Ursachen ist ausgeschlossen&nbsp;(betr. auch&nbsp;Eigenger\u00e4te).&nbsp;Ausgenommen&nbsp;hiervon&nbsp;sind F\u00e4lle grober Fahrl\u00e4ssigkeit oder Vorsatz seiner beauftragten Mitarbeiter.<\/p>\n\n\n\n<h4 class=\"wp-block-heading\">Kontakt\/Ausk\u00fcnfte<\/h4>\n\n\n\n<p class=\"has-medium-font-size\"><a href=\"mailto:info@westfalenparklauf.de\">info@westfalenparklauf.de<\/a><strong><\/strong><\/p>\n","protected":false},"excerpt":{"rendered":"<p>Der Dortmunder Volksbank Westfalenparklauf ist eine Veranstaltung der AG Stra\u00dfenlauf. Wir freuen uns auf einen sportlichen Wettkampf f\u00fcr alle. Wettkampfort [&hellip;]<\/p>\n","protected":false},"author":1,"featured_media":0,"parent":0,"menu_order":0,"comment_status":"closed","ping_status":"closed","template":"","meta":{"_acf_changed":false,"_coblocks_attr":"","_coblocks_dimensions":"","_coblocks_responsive_height":"","_coblocks_accordion_ie_support":"","site-sidebar-layout":"default","site-content-layout":"","ast-site-content-layout":"default","site-content-style":"default","site-sidebar-style":"default","ast-global-header-display":"","ast-banner-title-visibility":"","ast-main-header-display":"","ast-hfb-above-header-display":"","ast-hfb-below-header-display":"","ast-hfb-mobile-header-display":"","site-post-title":"","ast-breadcrumbs-content":"","ast-featured-img":"","footer-sml-layout":"","ast-disable-related-posts":"","theme-transparent-header-meta":"","adv-header-id-meta":"","stick-header-meta":"","header-above-stick-meta":"","header-main-stick-meta":"","header-below-stick-meta":"","astra-migrate-meta-layouts":"default","ast-page-background-enabled":"default","ast-page-background-meta":{"desktop":{"background-color":"var(--ast-global-color-4)","background-image":"","background-repeat":"repeat","background-position":"center center","background-size":"auto","background-attachment":"scroll","background-type":"","background-media":"","overlay-type":"","overlay-color":"","overlay-opacity":"","overlay-gradient":""},"tablet":{"background-color":"","background-image":"","background-repeat":"repeat","background-position":"center center","background-size":"auto","background-attachment":"scroll","background-type":"","background-media":"","overlay-type":"","overlay-color":"","overlay-opacity":"","overlay-gradient":""},"mobile":{"background-color":"","background-image":"","background-repeat":"repeat","background-position":"center center","background-size":"auto","background-attachment":"scroll","background-type":"","background-media":"","overlay-type":"","overlay-color":"","overlay-opacity":"","overlay-gradient":""}},"ast-content-background-meta":{"desktop":{"background-color":"var(--ast-global-color-5)","background-image":"","background-repeat":"repeat","background-position":"center center","background-size":"auto","background-attachment":"scroll","background-type":"","background-media":"","overlay-type":"","overlay-color":"","overlay-opacity":"","overlay-gradient":""},"tablet":{"background-color":"var(--ast-global-color-5)","background-image":"","background-repeat":"repeat","background-position":"center center","background-size":"auto","background-attachment":"scroll","background-type":"","background-media":"","overlay-type":"","overlay-color":"","overlay-opacity":"","overlay-gradient":""},"mobile":{"background-color":"var(--ast-global-color-5)","background-image":"","background-repeat":"repeat","background-position":"center center","background-size":"auto","background-attachment":"scroll","background-type":"","background-media":"","overlay-type":"","overlay-color":"","overlay-opacity":"","overlay-gradient":""}},"footnotes":""},"class_list":["post-195","page","type-page","status-publish","hentry"],"acf":[],"_links":{"self":[{"href":"https:\/\/westfalenparklauf.de\/wp\/wp-json\/wp\/v2\/pages\/195","targetHints":{"allow":["GET"]}}],"collection":[{"href":"https:\/\/westfalenparklauf.de\/wp\/wp-json\/wp\/v2\/pages"}],"about":[{"href":"https:\/\/westfalenparklauf.de\/wp\/wp-json\/wp\/v2\/types\/page"}],"author":[{"embeddable":true,"href":"https:\/\/westfalenparklauf.de\/wp\/wp-json\/wp\/v2\/users\/1"}],"replies":[{"embeddable":true,"href":"https:\/\/westfalenparklauf.de\/wp\/wp-json\/wp\/v2\/comments?post=195"}],"version-history":[{"count":10,"href":"https:\/\/westfalenparklauf.de\/wp\/wp-json\/wp\/v2\/pages\/195\/revisions"}],"predecessor-version":[{"id":1010,"href":"https:\/\/westfalenparklauf.de\/wp\/wp-json\/wp\/v2\/pages\/195\/revisions\/1010"}],"wp:attachment":[{"href":"https:\/\/westfalenparklauf.de\/wp\/wp-json\/wp\/v2\/media?parent=195"}],"curies":[{"name":"wp","href":"https:\/\/api.w.org\/{rel}","templated":true}]}}